{"id":87,"date":"2024-06-11T19:56:51","date_gmt":"2024-06-11T17:56:51","guid":{"rendered":"http:\/\/192.168.178.56\/wordpress\/?page_id=87"},"modified":"2026-03-27T19:58:15","modified_gmt":"2026-03-27T18:58:15","slug":"bambinigarde","status":"publish","type":"page","link":"https:\/\/rhoischnooke.de\/index.php\/gruppen\/bambinigarde\/","title":{"rendered":"Bambinigarde"},"content":{"rendered":"\t\t<div data-elementor-type=\"wp-page\" data-elementor-id=\"87\" class=\"elementor elementor-87\" data-elementor-post-type=\"page\">\n\t\t\t\t\t\t<section class=\"elementor-section elementor-top-section elementor-element elementor-element-0a3037f elementor-section-boxed elementor-section-height-default elementor-section-height-default\" data-id=\"0a3037f\" data-element_type=\"section\" data-e-type=\"section\">\n\t\t\t\t\t\t<div class=\"elementor-container elementor-column-gap-default\">\n\t\t\t\t\t<div class=\"elementor-column elementor-col-50 elementor-top-column elementor-element elementor-element-cff31a1\" data-id=\"cff31a1\" data-element_type=\"column\" data-e-type=\"column\">\n\t\t\t<div class=\"elementor-widget-wrap elementor-element-populated\">\n\t\t\t\t\t\t<div class=\"elementor-element elementor-element-bbfccf5 elementor-widget elementor-widget-text-editor\" data-id=\"bbfccf5\" data-element_type=\"widget\" data-e-type=\"widget\" data-widget_type=\"text-editor.default\">\n\t\t\t\t<div class=\"elementor-widget-container\">\n\t\t\t\t\t\t\t\t\t<p>Sie sind klein, quirlig, super-niedlich und nicht m\u00fcde zu bekommen. Die Bambinigarde des KVG.<\/p><p>Einmal die Woche wird trainiert, um dann auf Prunksitzungen und bei Kindermaskenb\u00e4llen unserem Publikum ein L\u00e4cheln aufs Gesicht zu zaubern. Das gelingt uns eigentlich immer. Und nicht zuletzt deshalb, weil wir jedes Jahr klasse Kost\u00fcme tragen. Wenn wir uns ganz viel M\u00fche geben, dann bekommen wir nach dem Training immer eine s\u00fc\u00dfe Belohnung und wenns mal nicht so klappt, dann bekommen wir eben einen s\u00fc\u00dfen Motivationsvorschu\u00df f\u00fcrs n\u00e4chste Training und dann klappts auch wieder.<\/p><p>Die Trainerinnen Franziska Kuhn, Manuela Becki-Schlindwein und Betreuerinnen Darinka Peters und Anna-Lea Becki freuen sich auch immer \u00fcber neue T\u00e4nzerinnen und T\u00e4nzer.<\/p><p>Also, wenn du den Rhythmus im Blut hast, dann bist du bei uns, an der richtigen Stelle um erste B\u00fchnenerfahrung zu sammeln.<\/p><p>Trainiert wird immer\u00a0 Montag 16:30 &#8211; 18:00 Uhr in der Aula der Berufsschule Germersheim.<\/p><p>Kontakt \u00fcber Denise Hermes unter 0173 7021916<\/p>\t\t\t\t\t\t\t\t<\/div>\n\t\t\t\t<\/div>\n\t\t\t\t\t<\/div>\n\t\t<\/div>\n\t\t\t\t<div class=\"elementor-column elementor-col-50 elementor-top-column elementor-element elementor-element-44c6fe8\" data-id=\"44c6fe8\" data-element_type=\"column\" data-e-type=\"column\">\n\t\t\t<div class=\"elementor-widget-wrap elementor-element-populated\">\n\t\t\t\t\t\t<div class=\"elementor-element elementor-element-c5ef266 elementor-widget elementor-widget-image\" data-id=\"c5ef266\" data-element_type=\"widget\" data-e-type=\"widget\" data-widget_type=\"image.default\">\n\t\t\t\t<div class=\"elementor-widget-container\">\n\t\t\t\t\t\t\t\t\t\t\t\t\t\t\t<img fetchpriority=\"high\" decoding=\"async\" width=\"800\" height=\"450\" src=\"https:\/\/rhoischnooke.de\/wp-content\/uploads\/2025\/09\/IMG_3812-1024x576.jpeg\" class=\"attachment-large size-large wp-image-924\" alt=\"\" srcset=\"https:\/\/rhoischnooke.de\/wp-content\/uploads\/2025\/09\/IMG_3812-1024x576.jpeg 1024w, https:\/\/rhoischnooke.de\/wp-content\/uploads\/2025\/09\/IMG_3812-300x169.jpeg 300w, https:\/\/rhoischnooke.de\/wp-content\/uploads\/2025\/09\/IMG_3812-768x432.jpeg 768w, https:\/\/rhoischnooke.de\/wp-content\/uploads\/2025\/09\/IMG_3812-1536x864.jpeg 1536w, https:\/\/rhoischnooke.de\/wp-content\/uploads\/2025\/09\/IMG_3812.jpeg 2016w\" sizes=\"(max-width: 800px) 100vw, 800px\" \/>\t\t\t\t\t\t\t\t\t\t\t\t\t\t\t<\/div>\n\t\t\t\t<\/div>\n\t\t\t\t\t<\/div>\n\t\t<\/div>\n\t\t\t\t\t<\/div>\n\t\t<\/section>\n\t\t\t\t<section class=\"elementor-section elementor-top-section elementor-element elementor-element-8b31be5 elementor-section-boxed elementor-section-height-default elementor-section-height-default\" data-id=\"8b31be5\" data-element_type=\"section\" data-e-type=\"section\">\n\t\t\t\t\t\t<div class=\"elementor-container elementor-column-gap-default\">\n\t\t\t\t\t<div class=\"elementor-column elementor-col-100 elementor-top-column elementor-element elementor-element-6d3dbd5\" data-id=\"6d3dbd5\" data-element_type=\"column\" data-e-type=\"column\">\n\t\t\t<div class=\"elementor-widget-wrap elementor-element-populated\">\n\t\t\t\t\t\t<div class=\"elementor-element elementor-element-7a73bee elementor-widget elementor-widget-image\" data-id=\"7a73bee\" data-element_type=\"widget\" data-e-type=\"widget\" data-widget_type=\"image.default\">\n\t\t\t\t<div class=\"elementor-widget-container\">\n\t\t\t\t\t\t\t\t\t\t\t\t\t\t\t<img decoding=\"async\" width=\"2048\" height=\"785\" src=\"https:\/\/rhoischnooke.de\/wp-content\/uploads\/2025\/09\/IMG_5231-e1758743322178.jpg\" class=\"attachment-full size-full wp-image-925\" alt=\"\" srcset=\"https:\/\/rhoischnooke.de\/wp-content\/uploads\/2025\/09\/IMG_5231-e1758743322178.jpg 2048w, https:\/\/rhoischnooke.de\/wp-content\/uploads\/2025\/09\/IMG_5231-e1758743322178-300x115.jpg 300w, https:\/\/rhoischnooke.de\/wp-content\/uploads\/2025\/09\/IMG_5231-e1758743322178-1024x393.jpg 1024w, https:\/\/rhoischnooke.de\/wp-content\/uploads\/2025\/09\/IMG_5231-e1758743322178-768x294.jpg 768w, https:\/\/rhoischnooke.de\/wp-content\/uploads\/2025\/09\/IMG_5231-e1758743322178-1536x589.jpg 1536w\" sizes=\"(max-width: 2048px) 100vw, 2048px\" \/>\t\t\t\t\t\t\t\t\t\t\t\t\t\t\t<\/div>\n\t\t\t\t<\/div>\n\t\t\t\t\t<\/div>\n\t\t<\/div>\n\t\t\t\t\t<\/div>\n\t\t<\/section>\n\t\t\t\t<\/div>\n\t\t","protected":false},"excerpt":{"rendered":"<p>Sie sind klein, quirlig, super-niedlich und nicht m\u00fcde zu bekommen. Die Bambinigarde des KVG. Einmal die Woche wird trainiert, um dann auf Prunksitzungen und bei Kindermaskenb\u00e4llen unserem Publikum ein L\u00e4cheln aufs Gesicht zu zaubern. Das gelingt uns eigentlich immer. Und nicht zuletzt deshalb, weil wir jedes Jahr klasse Kost\u00fcme tragen. Wenn wir uns ganz viel [&hellip;]<\/p>\n","protected":false},"author":1,"featured_media":0,"parent":48,"menu_order":4,"comment_status":"closed","ping_status":"closed","template":"","meta":{"footnotes":""},"class_list":["post-87","page","type-page","status-publish","hentry"],"_links":{"self":[{"href":"https:\/\/rhoischnooke.de\/index.php\/wp-json\/wp\/v2\/pages\/87","targetHints":{"allow":["GET"]}}],"collection":[{"href":"https:\/\/rhoischnooke.de\/index.php\/wp-json\/wp\/v2\/pages"}],"about":[{"href":"https:\/\/rhoischnooke.de\/index.php\/wp-json\/wp\/v2\/types\/page"}],"author":[{"embeddable":true,"href":"https:\/\/rhoischnooke.de\/index.php\/wp-json\/wp\/v2\/users\/1"}],"replies":[{"embeddable":true,"href":"https:\/\/rhoischnooke.de\/index.php\/wp-json\/wp\/v2\/comments?post=87"}],"version-history":[{"count":10,"href":"https:\/\/rhoischnooke.de\/index.php\/wp-json\/wp\/v2\/pages\/87\/revisions"}],"predecessor-version":[{"id":1560,"href":"https:\/\/rhoischnooke.de\/index.php\/wp-json\/wp\/v2\/pages\/87\/revisions\/1560"}],"up":[{"embeddable":true,"href":"https:\/\/rhoischnooke.de\/index.php\/wp-json\/wp\/v2\/pages\/48"}],"wp:attachment":[{"href":"https:\/\/rhoischnooke.de\/index.php\/wp-json\/wp\/v2\/media?parent=87"}],"curies":[{"name":"wp","href":"https:\/\/api.w.org\/{rel}","templated":true}]}}