{"id":277,"date":"2024-06-13T17:50:42","date_gmt":"2024-06-13T15:50:42","guid":{"rendered":"https:\/\/wordpress.rhoischnooke.de\/?page_id=277"},"modified":"2025-10-29T17:38:45","modified_gmt":"2025-10-29T16:38:45","slug":"the-mixeries","status":"publish","type":"page","link":"https:\/\/rhoischnooke.de\/index.php\/gruppen\/schautanz\/the-mixeries\/","title":{"rendered":"The Mixeries"},"content":{"rendered":"\t\t<div data-elementor-type=\"wp-page\" data-elementor-id=\"277\" class=\"elementor elementor-277\" data-elementor-post-type=\"page\">\n\t\t\t\t\t\t<section class=\"elementor-section elementor-top-section elementor-element elementor-element-8862a22 elementor-section-boxed elementor-section-height-default elementor-section-height-default\" data-id=\"8862a22\" data-element_type=\"section\" data-e-type=\"section\">\n\t\t\t\t\t\t<div class=\"elementor-container elementor-column-gap-default\">\n\t\t\t\t\t<div class=\"elementor-column elementor-col-50 elementor-top-column elementor-element elementor-element-3567aaa\" data-id=\"3567aaa\" data-element_type=\"column\" data-e-type=\"column\">\n\t\t\t<div class=\"elementor-widget-wrap elementor-element-populated\">\n\t\t\t\t\t\t<div class=\"elementor-element elementor-element-2f10afb elementor-widget elementor-widget-text-editor\" data-id=\"2f10afb\" data-element_type=\"widget\" data-e-type=\"widget\" data-widget_type=\"text-editor.default\">\n\t\t\t\t<div class=\"elementor-widget-container\">\n\t\t\t\t\t\t\t\t\t<p>Das ist unsere Schautanzgruppe\u00a0 \u201a<em>The Mixeries\u2019\u00a0<\/em>, zusammengemischt aus ganz verschiedenen Altersgruppen. Alle die Spa\u00df an Bewegung und Musik haben, f\u00fchlen sich hier wohl. Jedes Jahr sind ungef\u00e4hr 24 T\u00e4nzer und T\u00e4nzerinnen auf der B\u00fchne zu sehen. Unter ihren Trainerinnen wurden schon die verschiedensten Themen &#8222;vertanzt&#8220;.<\/p><p>Trainerinnen: Tamara Essert und Rebecca Rostock<\/p><p>Betreuerinnen: Miriam Bickel, Manuela Becki-Schlindwein und Michele Abel.<\/p><p>Jeder der Interesse am Tanzen hat ist bei uns gerne gesehen.<\/p><p>Kontakt \u00fcber Denise Hermes unter 0173 7021916<\/p>\t\t\t\t\t\t\t\t<\/div>\n\t\t\t\t<\/div>\n\t\t\t\t\t<\/div>\n\t\t<\/div>\n\t\t\t\t<div class=\"elementor-column elementor-col-50 elementor-top-column elementor-element elementor-element-6cce99c\" data-id=\"6cce99c\" data-element_type=\"column\" data-e-type=\"column\">\n\t\t\t<div class=\"elementor-widget-wrap elementor-element-populated\">\n\t\t\t\t\t\t<div class=\"elementor-element elementor-element-b8288b0 elementor-widget__width-initial elementor-widget elementor-widget-image\" data-id=\"b8288b0\" data-element_type=\"widget\" data-e-type=\"widget\" data-widget_type=\"image.default\">\n\t\t\t\t<div class=\"elementor-widget-container\">\n\t\t\t\t\t\t\t\t\t\t\t\t\t\t\t<img fetchpriority=\"high\" decoding=\"async\" width=\"800\" height=\"601\" src=\"https:\/\/rhoischnooke.de\/wp-content\/uploads\/2025\/09\/NV_Mixeries-e1758742786904-1024x769.jpg\" class=\"attachment-large size-large wp-image-938\" alt=\"\" srcset=\"https:\/\/rhoischnooke.de\/wp-content\/uploads\/2025\/09\/NV_Mixeries-e1758742786904-1024x769.jpg 1024w, https:\/\/rhoischnooke.de\/wp-content\/uploads\/2025\/09\/NV_Mixeries-e1758742786904-300x225.jpg 300w, https:\/\/rhoischnooke.de\/wp-content\/uploads\/2025\/09\/NV_Mixeries-e1758742786904-768x577.jpg 768w, https:\/\/rhoischnooke.de\/wp-content\/uploads\/2025\/09\/NV_Mixeries-e1758742786904-1536x1153.jpg 1536w, https:\/\/rhoischnooke.de\/wp-content\/uploads\/2025\/09\/NV_Mixeries-e1758742786904.jpg 1638w\" sizes=\"(max-width: 800px) 100vw, 800px\" \/>\t\t\t\t\t\t\t\t\t\t\t\t\t\t\t<\/div>\n\t\t\t\t<\/div>\n\t\t\t\t\t<\/div>\n\t\t<\/div>\n\t\t\t\t\t<\/div>\n\t\t<\/section>\n\t\t\t\t<section class=\"elementor-section elementor-top-section elementor-element elementor-element-4e02f15 elementor-section-boxed elementor-section-height-default elementor-section-height-default\" data-id=\"4e02f15\" data-element_type=\"section\" data-e-type=\"section\">\n\t\t\t\t\t\t<div class=\"elementor-container elementor-column-gap-default\">\n\t\t\t\t\t<div class=\"elementor-column elementor-col-100 elementor-top-column elementor-element elementor-element-6f95055\" data-id=\"6f95055\" data-element_type=\"column\" data-e-type=\"column\">\n\t\t\t<div class=\"elementor-widget-wrap elementor-element-populated\">\n\t\t\t\t\t\t<div class=\"elementor-element elementor-element-8a1885c elementor-widget elementor-widget-image\" data-id=\"8a1885c\" data-element_type=\"widget\" data-e-type=\"widget\" data-widget_type=\"image.default\">\n\t\t\t\t<div class=\"elementor-widget-container\">\n\t\t\t\t\t\t\t\t\t\t\t\t\t\t\t<img decoding=\"async\" width=\"2048\" height=\"795\" src=\"https:\/\/rhoischnooke.de\/wp-content\/uploads\/2025\/09\/NV_Mixeries-IMG_5532-e1758742865114.jpg\" class=\"attachment-full size-full wp-image-939\" alt=\"\" srcset=\"https:\/\/rhoischnooke.de\/wp-content\/uploads\/2025\/09\/NV_Mixeries-IMG_5532-e1758742865114.jpg 2048w, https:\/\/rhoischnooke.de\/wp-content\/uploads\/2025\/09\/NV_Mixeries-IMG_5532-e1758742865114-300x116.jpg 300w, https:\/\/rhoischnooke.de\/wp-content\/uploads\/2025\/09\/NV_Mixeries-IMG_5532-e1758742865114-1024x398.jpg 1024w, https:\/\/rhoischnooke.de\/wp-content\/uploads\/2025\/09\/NV_Mixeries-IMG_5532-e1758742865114-768x298.jpg 768w, https:\/\/rhoischnooke.de\/wp-content\/uploads\/2025\/09\/NV_Mixeries-IMG_5532-e1758742865114-1536x596.jpg 1536w\" sizes=\"(max-width: 2048px) 100vw, 2048px\" \/>\t\t\t\t\t\t\t\t\t\t\t\t\t\t\t<\/div>\n\t\t\t\t<\/div>\n\t\t\t\t\t<\/div>\n\t\t<\/div>\n\t\t\t\t\t<\/div>\n\t\t<\/section>\n\t\t\t\t<\/div>\n\t\t","protected":false},"excerpt":{"rendered":"<p>Das ist unsere Schautanzgruppe\u00a0 \u201aThe Mixeries\u2019\u00a0, zusammengemischt aus ganz verschiedenen Altersgruppen. Alle die Spa\u00df an Bewegung und Musik haben, f\u00fchlen sich hier wohl. Jedes Jahr sind ungef\u00e4hr 24 T\u00e4nzer und T\u00e4nzerinnen auf der B\u00fchne zu sehen. Unter ihren Trainerinnen wurden schon die verschiedensten Themen &#8222;vertanzt&#8220;. Trainerinnen: Tamara Essert und Rebecca Rostock Betreuerinnen: Miriam Bickel, Manuela [&hellip;]<\/p>\n","protected":false},"author":1,"featured_media":0,"parent":50,"menu_order":6,"comment_status":"closed","ping_status":"closed","template":"","meta":{"footnotes":""},"class_list":["post-277","page","type-page","status-publish","hentry"],"_links":{"self":[{"href":"https:\/\/rhoischnooke.de\/index.php\/wp-json\/wp\/v2\/pages\/277","targetHints":{"allow":["GET"]}}],"collection":[{"href":"https:\/\/rhoischnooke.de\/index.php\/wp-json\/wp\/v2\/pages"}],"about":[{"href":"https:\/\/rhoischnooke.de\/index.php\/wp-json\/wp\/v2\/types\/page"}],"author":[{"embeddable":true,"href":"https:\/\/rhoischnooke.de\/index.php\/wp-json\/wp\/v2\/users\/1"}],"replies":[{"embeddable":true,"href":"https:\/\/rhoischnooke.de\/index.php\/wp-json\/wp\/v2\/comments?post=277"}],"version-history":[{"count":10,"href":"https:\/\/rhoischnooke.de\/index.php\/wp-json\/wp\/v2\/pages\/277\/revisions"}],"predecessor-version":[{"id":1204,"href":"https:\/\/rhoischnooke.de\/index.php\/wp-json\/wp\/v2\/pages\/277\/revisions\/1204"}],"up":[{"embeddable":true,"href":"https:\/\/rhoischnooke.de\/index.php\/wp-json\/wp\/v2\/pages\/50"}],"wp:attachment":[{"href":"https:\/\/rhoischnooke.de\/index.php\/wp-json\/wp\/v2\/media?parent=277"}],"curies":[{"name":"wp","href":"https:\/\/api.w.org\/{rel}","templated":true}]}}