{"id":241,"date":"2024-06-13T17:25:20","date_gmt":"2024-06-13T15:25:20","guid":{"rendered":"https:\/\/wordpress.rhoischnooke.de\/?page_id=241"},"modified":"2026-03-27T20:02:55","modified_gmt":"2026-03-27T19:02:55","slug":"kids-mix","status":"publish","type":"page","link":"https:\/\/rhoischnooke.de\/index.php\/gruppen\/schautanz\/kids-mix\/","title":{"rendered":"Kids Mix"},"content":{"rendered":"\t\t<div data-elementor-type=\"wp-page\" data-elementor-id=\"241\" class=\"elementor elementor-241\" data-elementor-post-type=\"page\">\n\t\t\t\t\t\t<section class=\"elementor-section elementor-top-section elementor-element elementor-element-808bba3 elementor-section-boxed elementor-section-height-default elementor-section-height-default\" data-id=\"808bba3\" data-element_type=\"section\" data-e-type=\"section\">\n\t\t\t\t\t\t<div class=\"elementor-container elementor-column-gap-default\">\n\t\t\t\t\t<div class=\"elementor-column elementor-col-50 elementor-top-column elementor-element elementor-element-c2abd8e\" data-id=\"c2abd8e\" data-element_type=\"column\" data-e-type=\"column\">\n\t\t\t<div class=\"elementor-widget-wrap elementor-element-populated\">\n\t\t\t\t\t\t<div class=\"elementor-element elementor-element-743dc44 elementor-widget elementor-widget-text-editor\" data-id=\"743dc44\" data-element_type=\"widget\" data-e-type=\"widget\" data-widget_type=\"text-editor.default\">\n\t\t\t\t<div class=\"elementor-widget-container\">\n\t\t\t\t\t\t\t\t\t<div class=\"art-article\"><p>Wir sind zwischen 6 und 10 Jahren alt, haben Spa\u00df an Tanz und Bewegung und lieben den Applaus nach unseren Auftritten auf der gro\u00dfen Rhoischnooke-Showb\u00fchne. Wir trainieren anspruchsvolle Schaut\u00e4nze aller Art zu aktueller Musik. Ganz besonders stolz sind wir auf unsere tollen abwechslungsreichen Kost\u00fcme. Wir erfreuen unsere Zuschauer mit Auftritten an den Prunksitzungen und dem Kindermaskenball sowie dem Germersheimer Festungsfest.<\/p><p>Wir erlernen in unserem Training auch die ersten Grundschritte und Dehn\u00fcbungen, die uns den sp\u00e4teren Einstieg in die Garde erleichtern.<br \/>Doch auch Spiel und Spa\u00df kommen in unserem Training nicht zu kurz.<\/p><p>Trainiert werden wir von Laura Hahn und Melissa Meyries, tatkr\u00e4ftig unterst\u00fctzt durch unsere Betreuerinnen Vivien Bauer, Vanessa Eibauer und Christoph Falter.<br \/>Wir trainieren Mittwochs 18:00 \u2013 19:30 Uhr in der Berufsschul-Aula, Germersheim (au\u00dfer in der Ferienzeit).<\/p><p>Kontakt: Denise Hermes unter 0173 7021916<\/p><\/div>\t\t\t\t\t\t\t\t<\/div>\n\t\t\t\t<\/div>\n\t\t\t\t\t<\/div>\n\t\t<\/div>\n\t\t\t\t<div class=\"elementor-column elementor-col-50 elementor-top-column elementor-element elementor-element-cea30b6\" data-id=\"cea30b6\" data-element_type=\"column\" data-e-type=\"column\">\n\t\t\t<div class=\"elementor-widget-wrap elementor-element-populated\">\n\t\t\t\t\t\t<div class=\"elementor-element elementor-element-96449b3 elementor-widget elementor-widget-image\" data-id=\"96449b3\" data-element_type=\"widget\" data-e-type=\"widget\" data-widget_type=\"image.default\">\n\t\t\t\t<div class=\"elementor-widget-container\">\n\t\t\t\t\t\t\t\t\t\t\t\t\t\t\t<img fetchpriority=\"high\" decoding=\"async\" width=\"800\" height=\"600\" src=\"https:\/\/rhoischnooke.de\/wp-content\/uploads\/2025\/09\/IMG_4871-1024x768.jpeg\" class=\"attachment-large size-large wp-image-894\" alt=\"\" srcset=\"https:\/\/rhoischnooke.de\/wp-content\/uploads\/2025\/09\/IMG_4871-1024x768.jpeg 1024w, https:\/\/rhoischnooke.de\/wp-content\/uploads\/2025\/09\/IMG_4871-300x225.jpeg 300w, https:\/\/rhoischnooke.de\/wp-content\/uploads\/2025\/09\/IMG_4871-768x576.jpeg 768w, https:\/\/rhoischnooke.de\/wp-content\/uploads\/2025\/09\/IMG_4871-1536x1152.jpeg 1536w, https:\/\/rhoischnooke.de\/wp-content\/uploads\/2025\/09\/IMG_4871-2048x1536.jpeg 2048w\" sizes=\"(max-width: 800px) 100vw, 800px\" \/>\t\t\t\t\t\t\t\t\t\t\t\t\t\t\t<\/div>\n\t\t\t\t<\/div>\n\t\t\t\t<div class=\"elementor-element elementor-element-9b38e40 elementor-widget elementor-widget-image\" data-id=\"9b38e40\" data-element_type=\"widget\" data-e-type=\"widget\" data-widget_type=\"image.default\">\n\t\t\t\t<div class=\"elementor-widget-container\">\n\t\t\t\t\t\t\t\t\t\t\t\t\t\t\t<img decoding=\"async\" src=\"https:\/\/wordpress.rhoischnooke.de\/wp-content\/uploads\/2025\/09\/IMG_4870-scaled.jpeg\" title=\"\" alt=\"\" loading=\"lazy\" \/>\t\t\t\t\t\t\t\t\t\t\t\t\t\t\t<\/div>\n\t\t\t\t<\/div>\n\t\t\t\t\t<\/div>\n\t\t<\/div>\n\t\t\t\t\t<\/div>\n\t\t<\/section>\n\t\t\t\t<section class=\"elementor-section elementor-top-section elementor-element elementor-element-1ee6910 elementor-section-boxed elementor-section-height-default elementor-section-height-default\" data-id=\"1ee6910\" data-element_type=\"section\" data-e-type=\"section\">\n\t\t\t\t\t\t<div class=\"elementor-container elementor-column-gap-default\">\n\t\t\t\t\t<div class=\"elementor-column elementor-col-100 elementor-top-column elementor-element elementor-element-3e80bba\" data-id=\"3e80bba\" data-element_type=\"column\" data-e-type=\"column\">\n\t\t\t<div class=\"elementor-widget-wrap elementor-element-populated\">\n\t\t\t\t\t\t<div class=\"elementor-element elementor-element-d82f454 elementor-widget__width-initial elementor-widget elementor-widget-image\" data-id=\"d82f454\" data-element_type=\"widget\" data-e-type=\"widget\" data-widget_type=\"image.default\">\n\t\t\t\t<div class=\"elementor-widget-container\">\n\t\t\t\t\t\t\t\t\t\t\t\t\t\t\t<img decoding=\"async\" src=\"https:\/\/rhoischnooke.de\/wp-content\/uploads\/2025\/09\/NV_KidsmixIMG_5295-e1758736952117.jpg\" title=\"NV_KidsmixIMG_5295\" alt=\"NV_KidsmixIMG_5295\" loading=\"lazy\" \/>\t\t\t\t\t\t\t\t\t\t\t\t\t\t\t<\/div>\n\t\t\t\t<\/div>\n\t\t\t\t\t<\/div>\n\t\t<\/div>\n\t\t\t\t\t<\/div>\n\t\t<\/section>\n\t\t\t\t<\/div>\n\t\t","protected":false},"excerpt":{"rendered":"<p>Wir sind zwischen 6 und 10 Jahren alt, haben Spa\u00df an Tanz und Bewegung und lieben den Applaus nach unseren Auftritten auf der gro\u00dfen Rhoischnooke-Showb\u00fchne. Wir trainieren anspruchsvolle Schaut\u00e4nze aller Art zu aktueller Musik. Ganz besonders stolz sind wir auf unsere tollen abwechslungsreichen Kost\u00fcme. Wir erfreuen unsere Zuschauer mit Auftritten an den Prunksitzungen und dem [&hellip;]<\/p>\n","protected":false},"author":2,"featured_media":0,"parent":50,"menu_order":4,"comment_status":"closed","ping_status":"closed","template":"","meta":{"footnotes":""},"class_list":["post-241","page","type-page","status-publish","hentry"],"_links":{"self":[{"href":"https:\/\/rhoischnooke.de\/index.php\/wp-json\/wp\/v2\/pages\/241","targetHints":{"allow":["GET"]}}],"collection":[{"href":"https:\/\/rhoischnooke.de\/index.php\/wp-json\/wp\/v2\/pages"}],"about":[{"href":"https:\/\/rhoischnooke.de\/index.php\/wp-json\/wp\/v2\/types\/page"}],"author":[{"embeddable":true,"href":"https:\/\/rhoischnooke.de\/index.php\/wp-json\/wp\/v2\/users\/2"}],"replies":[{"embeddable":true,"href":"https:\/\/rhoischnooke.de\/index.php\/wp-json\/wp\/v2\/comments?post=241"}],"version-history":[{"count":10,"href":"https:\/\/rhoischnooke.de\/index.php\/wp-json\/wp\/v2\/pages\/241\/revisions"}],"predecessor-version":[{"id":1569,"href":"https:\/\/rhoischnooke.de\/index.php\/wp-json\/wp\/v2\/pages\/241\/revisions\/1569"}],"up":[{"embeddable":true,"href":"https:\/\/rhoischnooke.de\/index.php\/wp-json\/wp\/v2\/pages\/50"}],"wp:attachment":[{"href":"https:\/\/rhoischnooke.de\/index.php\/wp-json\/wp\/v2\/media?parent=241"}],"curies":[{"name":"wp","href":"https:\/\/api.w.org\/{rel}","templated":true}]}}