{"id":1405,"date":"2025-11-20T07:00:29","date_gmt":"2025-11-20T06:00:29","guid":{"rendered":"https:\/\/rhoischnooke.de\/?page_id=1405"},"modified":"2025-11-20T07:03:59","modified_gmt":"2025-11-20T06:03:59","slug":"ehrensenat","status":"publish","type":"page","link":"https:\/\/rhoischnooke.de\/index.php\/der-verein\/ehrensenat\/","title":{"rendered":"Ehrensenat"},"content":{"rendered":"\t\t<div data-elementor-type=\"wp-page\" data-elementor-id=\"1405\" class=\"elementor elementor-1405\" data-elementor-post-type=\"page\">\n\t\t\t\t\t\t<section class=\"elementor-section elementor-top-section elementor-element elementor-element-ede9056 elementor-section-boxed elementor-section-height-default elementor-section-height-default\" data-id=\"ede9056\" data-element_type=\"section\" data-e-type=\"section\">\n\t\t\t\t\t\t<div class=\"elementor-container elementor-column-gap-default\">\n\t\t\t\t\t<div class=\"elementor-column elementor-col-50 elementor-top-column elementor-element elementor-element-956a413\" data-id=\"956a413\" data-element_type=\"column\" data-e-type=\"column\">\n\t\t\t<div class=\"elementor-widget-wrap elementor-element-populated\">\n\t\t\t\t\t\t<div class=\"elementor-element elementor-element-5f93882 elementor-widget elementor-widget-text-editor\" data-id=\"5f93882\" data-element_type=\"widget\" data-e-type=\"widget\" data-widget_type=\"text-editor.default\">\n\t\t\t\t<div class=\"elementor-widget-container\">\n\t\t\t\t\t\t\t\t\t<p class=\"Textbody\"><span class=\"StrongEmphasis\"><span style=\"font-size: 11.0pt; line-height: 115%; font-family: 'Arial',sans-serif;\">Der Ehrensenat der Rhoischnooke<\/span><\/span><\/p><p class=\"Textbody\" style=\"text-align: justify; text-justify: inter-ideograph;\"><span class=\"StrongEmphasis\"><span style=\"font-size: 11.0pt; line-height: 115%; font-family: 'Arial',sans-serif;\"><br \/>Der Ehrensenat des Karnevalverein &#8222;Die Rhoischnooke&#8220; 1960 e.V. Germersheim besteht aus ehemaligen Elferr\u00e4ten und engagierten Unterst\u00fctzerinnen und Unterst\u00fctzern, die dem Verein seit vielen Jahren treu verbunden sind. Mit ihrer Erfahrung, ihrem Rat und ihrem besonderen Einsatz tragen sie dazu bei, dass der Verein auch in Zukunft lebendig, traditionsbewusst und erfolgreich bleibt.<\/span><\/span><\/p><p class=\"Textbody\" style=\"text-align: justify; text-justify: inter-ideograph;\"><span class=\"StrongEmphasis\"><span style=\"font-size: 11.0pt; line-height: 115%; font-family: 'Arial',sans-serif;\"><br \/>Als Repr\u00e4sentanten des Vereins stehen sie bei Veranstaltungen, Empf\u00e4ngen und besonderen Anl\u00e4ssen an der Seite der Aktiven und vertreten die Rhoischnooke mit Stolz und Herzblut. Der Ehrensenat ist damit ein wichtiger R\u00fcckhalt und ein wertvoller Teil unserer Vereinsgemeinschaft.<\/span><\/span><\/p><p class=\"Textbody\" style=\"margin-right: -14.15pt;\"><span style=\"font-size: 11.0pt; line-height: 115%;\">\u00a0<\/span><\/p><p class=\"Textbody\" style=\"margin-right: -14.15pt;\"><span class=\"StrongEmphasis\"><span style=\"font-size: 11.0pt; line-height: 115%; font-family: 'Arial',sans-serif;\">Aktueller Ehrensenat:<\/span><\/span><\/p><p class=\"Textbody\" style=\"margin-right: -14.15pt; text-align: justify; text-justify: inter-ideograph;\"><span style=\"font-size: 11.0pt; line-height: 115%; font-family: 'Arial',sans-serif;\">Andreas Abele, Dr. Fritz Brechtel, Kurt Burger,\u00a0Manfred Gehrlein, Dieter H\u00e4nlein,<\/span><\/p><p class=\"Textbody\" style=\"margin-right: -14.15pt; text-align: justify; text-justify: inter-ideograph;\"><span style=\"font-size: 11.0pt; line-height: 115%; font-family: 'Arial',sans-serif;\">Benno Heiter, Herwig Himmler, Dr. Sascha Hofmann, Gert M\u00fcller, Gottfried Nisslm\u00fcller,<\/span><\/p><p class=\"Textbody\" style=\"margin-right: -14.15pt; text-align: justify; text-justify: inter-ideograph;\"><span style=\"font-size: 11.0pt; line-height: 115%; font-family: 'Arial',sans-serif;\">Helmu Paeglow, Gerhard Peleikis, Christel Pomp, Marcus Schaile, Ingo Schneider,<\/span><\/p><p class=\"Textbody\" style=\"margin-right: -14.15pt; text-align: justify; text-justify: inter-ideograph;\"><span style=\"font-size: 11.0pt; line-height: 115%; font-family: 'Arial',sans-serif;\">Robert Schneider, Alexandra Seessle, Werner Seessle, Rainer Simon,<\/span><\/p><p class=\"Textbody\" style=\"margin-right: -14.15pt; text-align: justify; text-justify: inter-ideograph;\"><span style=\"font-size: 11.0pt; line-height: 115%; font-family: 'Arial',sans-serif;\">R\u00fcdiger Stierheim (Pr\u00e4sident), Gerhard Welauer, Harald Willi<\/span><\/p>\t\t\t\t\t\t\t\t<\/div>\n\t\t\t\t<\/div>\n\t\t\t\t\t<\/div>\n\t\t<\/div>\n\t\t\t\t<div class=\"elementor-column elementor-col-50 elementor-top-column elementor-element elementor-element-b312686\" data-id=\"b312686\" data-element_type=\"column\" data-e-type=\"column\">\n\t\t\t<div class=\"elementor-widget-wrap elementor-element-populated\">\n\t\t\t\t\t\t<div class=\"elementor-element elementor-element-33953d9 elementor-widget elementor-widget-spacer\" data-id=\"33953d9\" data-element_type=\"widget\" data-e-type=\"widget\" data-widget_type=\"spacer.default\">\n\t\t\t\t<div class=\"elementor-widget-container\">\n\t\t\t\t\t\t\t<div class=\"elementor-spacer\">\n\t\t\t<div class=\"elementor-spacer-inner\"><\/div>\n\t\t<\/div>\n\t\t\t\t\t\t<\/div>\n\t\t\t\t<\/div>\n\t\t\t\t<div class=\"elementor-element elementor-element-c6a6140 elementor-widget elementor-widget-image\" data-id=\"c6a6140\" data-element_type=\"widget\" data-e-type=\"widget\" data-widget_type=\"image.default\">\n\t\t\t\t<div class=\"elementor-widget-container\">\n\t\t\t\t\t\t\t\t\t\t\t\t<figure class=\"wp-caption\">\n\t\t\t\t\t\t\t\t\t\t<img fetchpriority=\"high\" decoding=\"async\" width=\"800\" height=\"534\" src=\"https:\/\/rhoischnooke.de\/wp-content\/uploads\/2025\/11\/IMG_8419NVKVGEhrensenat-1024x683.jpg\" class=\"attachment-large size-large wp-image-1406\" alt=\"\" srcset=\"https:\/\/rhoischnooke.de\/wp-content\/uploads\/2025\/11\/IMG_8419NVKVGEhrensenat-1024x683.jpg 1024w, https:\/\/rhoischnooke.de\/wp-content\/uploads\/2025\/11\/IMG_8419NVKVGEhrensenat-300x200.jpg 300w, https:\/\/rhoischnooke.de\/wp-content\/uploads\/2025\/11\/IMG_8419NVKVGEhrensenat-768x512.jpg 768w, https:\/\/rhoischnooke.de\/wp-content\/uploads\/2025\/11\/IMG_8419NVKVGEhrensenat-1536x1024.jpg 1536w, https:\/\/rhoischnooke.de\/wp-content\/uploads\/2025\/11\/IMG_8419NVKVGEhrensenat.jpg 2048w\" sizes=\"(max-width: 800px) 100vw, 800px\" \/>\t\t\t\t\t\t\t\t\t\t\t<figcaption class=\"widget-image-caption wp-caption-text\">Manfred Gehrlein, Gerhard Peleikis, R\u00fcdiger Stierheim, Alexandra Seessle, Ingo Schneider, Gerhard Welauer<\/figcaption>\n\t\t\t\t\t\t\t\t\t\t<\/figure>\n\t\t\t\t\t\t\t\t\t<\/div>\n\t\t\t\t<\/div>\n\t\t\t\t\t<\/div>\n\t\t<\/div>\n\t\t\t\t\t<\/div>\n\t\t<\/section>\n\t\t\t\t<section class=\"elementor-section elementor-top-section elementor-element elementor-element-a3e5ddc elementor-section-boxed elementor-section-height-default elementor-section-height-default\" data-id=\"a3e5ddc\" data-element_type=\"section\" data-e-type=\"section\">\n\t\t\t\t\t\t<div class=\"elementor-container elementor-column-gap-default\">\n\t\t\t\t\t<div class=\"elementor-column elementor-col-100 elementor-top-column elementor-element elementor-element-421674d\" data-id=\"421674d\" data-element_type=\"column\" data-e-type=\"column\">\n\t\t\t<div class=\"elementor-widget-wrap\">\n\t\t\t\t\t\t\t<\/div>\n\t\t<\/div>\n\t\t\t\t\t<\/div>\n\t\t<\/section>\n\t\t\t\t<\/div>\n\t\t","protected":false},"excerpt":{"rendered":"<p>Der Ehrensenat der Rhoischnooke Der Ehrensenat des Karnevalverein &#8222;Die Rhoischnooke&#8220; 1960 e.V. Germersheim besteht aus ehemaligen Elferr\u00e4ten und engagierten Unterst\u00fctzerinnen und Unterst\u00fctzern, die dem Verein seit vielen Jahren treu verbunden sind. Mit ihrer Erfahrung, ihrem Rat und ihrem besonderen Einsatz tragen sie dazu bei, dass der Verein auch in Zukunft lebendig, traditionsbewusst und erfolgreich bleibt. [&hellip;]<\/p>\n","protected":false},"author":1,"featured_media":0,"parent":46,"menu_order":15,"comment_status":"closed","ping_status":"closed","template":"","meta":{"footnotes":""},"class_list":["post-1405","page","type-page","status-publish","hentry"],"_links":{"self":[{"href":"https:\/\/rhoischnooke.de\/index.php\/wp-json\/wp\/v2\/pages\/1405","targetHints":{"allow":["GET"]}}],"collection":[{"href":"https:\/\/rhoischnooke.de\/index.php\/wp-json\/wp\/v2\/pages"}],"about":[{"href":"https:\/\/rhoischnooke.de\/index.php\/wp-json\/wp\/v2\/types\/page"}],"author":[{"embeddable":true,"href":"https:\/\/rhoischnooke.de\/index.php\/wp-json\/wp\/v2\/users\/1"}],"replies":[{"embeddable":true,"href":"https:\/\/rhoischnooke.de\/index.php\/wp-json\/wp\/v2\/comments?post=1405"}],"version-history":[{"count":6,"href":"https:\/\/rhoischnooke.de\/index.php\/wp-json\/wp\/v2\/pages\/1405\/revisions"}],"predecessor-version":[{"id":1412,"href":"https:\/\/rhoischnooke.de\/index.php\/wp-json\/wp\/v2\/pages\/1405\/revisions\/1412"}],"up":[{"embeddable":true,"href":"https:\/\/rhoischnooke.de\/index.php\/wp-json\/wp\/v2\/pages\/46"}],"wp:attachment":[{"href":"https:\/\/rhoischnooke.de\/index.php\/wp-json\/wp\/v2\/media?parent=1405"}],"curies":[{"name":"wp","href":"https:\/\/api.w.org\/{rel}","templated":true}]}}