{"id":125,"date":"2024-06-11T20:20:44","date_gmt":"2024-06-11T18:20:44","guid":{"rendered":"http:\/\/192.168.178.56\/wordpress\/?page_id=125"},"modified":"2026-03-27T20:25:03","modified_gmt":"2026-03-27T19:25:03","slug":"tanzmariechen","status":"publish","type":"page","link":"https:\/\/rhoischnooke.de\/index.php\/gruppen\/garde\/tanzmariechen\/","title":{"rendered":"Tanzmariechen"},"content":{"rendered":"\t\t<div data-elementor-type=\"wp-page\" data-elementor-id=\"125\" class=\"elementor elementor-125\" data-elementor-post-type=\"page\">\n\t\t\t\t\t\t<section class=\"elementor-section elementor-top-section elementor-element elementor-element-67b6492 elementor-section-boxed elementor-section-height-default elementor-section-height-default\" data-id=\"67b6492\" data-element_type=\"section\" data-e-type=\"section\">\n\t\t\t\t\t\t<div class=\"elementor-container elementor-column-gap-default\">\n\t\t\t\t\t<div class=\"elementor-column elementor-col-50 elementor-top-column elementor-element elementor-element-acf5b47\" data-id=\"acf5b47\" data-element_type=\"column\" data-e-type=\"column\">\n\t\t\t<div class=\"elementor-widget-wrap elementor-element-populated\">\n\t\t\t\t\t\t<div class=\"elementor-element elementor-element-60c8f3d elementor-widget elementor-widget-text-editor\" data-id=\"60c8f3d\" data-element_type=\"widget\" data-e-type=\"widget\" data-widget_type=\"text-editor.default\">\n\t\t\t\t<div class=\"elementor-widget-container\">\n\t\t\t\t\t\t\t\t\t<p>viHier ist die Onlineheimat unserer Mariechen Janina Bernhardt, Fiora Garrecht, Annabell Grochla und Karina Sch\u00f6nhals.<\/p><p>Alle vier M\u00e4dels sind begeisterte T\u00e4nzerinnen und wollen mit ihrem t\u00e4nzerischen K\u00f6nnen, dem Publikum viel Freude bereiten. Was hier ganz oft wie eine spielerische Leichtigkeit aussieht, muss mit viel Flei\u00df und Ehrgeiz trainiert und einstudiert werden. Dies \u00fcbernimmt das Trainerteam Monique Kaufmann,\u00a0\u00a0 Natalie He\u00df, Lea Hagenlocher und Jessica Gr\u00fcnwald.<\/p><p>Sie sind verantwortlich f\u00fcr die Choreographie und einstudieren der T\u00e4nze,\u00a0 hierf\u00fcr braucht man viel Zeit und immer wieder neue Ideen. Alle zusammen bilden ein super Team und sie freuen sich alle schon auf die n\u00e4chsten Auftritte.<\/p><p>Die Tanzmariechen tanzen nicht nur auf den eigenen Veranstaltungen, sondern sind auch auf Turnieren und Gardeb\u00e4llen zu sehen.<\/p>\t\t\t\t\t\t\t\t<\/div>\n\t\t\t\t<\/div>\n\t\t\t\t\t<\/div>\n\t\t<\/div>\n\t\t\t\t<div class=\"elementor-column elementor-col-50 elementor-top-column elementor-element elementor-element-0d0c101\" data-id=\"0d0c101\" data-element_type=\"column\" data-e-type=\"column\">\n\t\t\t<div class=\"elementor-widget-wrap elementor-element-populated\">\n\t\t\t\t\t\t<div class=\"elementor-element elementor-element-8174917 elementor-widget elementor-widget-image\" data-id=\"8174917\" data-element_type=\"widget\" data-e-type=\"widget\" data-widget_type=\"image.default\">\n\t\t\t\t<div class=\"elementor-widget-container\">\n\t\t\t\t\t\t\t\t\t\t\t\t\t\t\t<img fetchpriority=\"high\" decoding=\"async\" width=\"800\" height=\"736\" src=\"https:\/\/rhoischnooke.de\/wp-content\/uploads\/2025\/09\/c3e76be4-2097-44bd-9f57-5126c1288120-e1758745104317-1024x942.jpeg\" class=\"attachment-large size-large wp-image-968\" alt=\"\" srcset=\"https:\/\/rhoischnooke.de\/wp-content\/uploads\/2025\/09\/c3e76be4-2097-44bd-9f57-5126c1288120-e1758745104317-1024x942.jpeg 1024w, https:\/\/rhoischnooke.de\/wp-content\/uploads\/2025\/09\/c3e76be4-2097-44bd-9f57-5126c1288120-e1758745104317-300x276.jpeg 300w, https:\/\/rhoischnooke.de\/wp-content\/uploads\/2025\/09\/c3e76be4-2097-44bd-9f57-5126c1288120-e1758745104317-768x707.jpeg 768w, https:\/\/rhoischnooke.de\/wp-content\/uploads\/2025\/09\/c3e76be4-2097-44bd-9f57-5126c1288120-e1758745104317.jpeg 1200w\" sizes=\"(max-width: 800px) 100vw, 800px\" \/>\t\t\t\t\t\t\t\t\t\t\t\t\t\t\t<\/div>\n\t\t\t\t<\/div>\n\t\t\t\t\t<\/div>\n\t\t<\/div>\n\t\t\t\t\t<\/div>\n\t\t<\/section>\n\t\t\t\t<\/div>\n\t\t","protected":false},"excerpt":{"rendered":"<p>viHier ist die Onlineheimat unserer Mariechen Janina Bernhardt, Fiora Garrecht, Annabell Grochla und Karina Sch\u00f6nhals. Alle vier M\u00e4dels sind begeisterte T\u00e4nzerinnen und wollen mit ihrem t\u00e4nzerischen K\u00f6nnen, dem Publikum viel Freude bereiten. Was hier ganz oft wie eine spielerische Leichtigkeit aussieht, muss mit viel Flei\u00df und Ehrgeiz trainiert und einstudiert werden. Dies \u00fcbernimmt das Trainerteam [&hellip;]<\/p>\n","protected":false},"author":1,"featured_media":0,"parent":54,"menu_order":4,"comment_status":"closed","ping_status":"closed","template":"","meta":{"footnotes":""},"class_list":["post-125","page","type-page","status-publish","hentry"],"_links":{"self":[{"href":"https:\/\/rhoischnooke.de\/index.php\/wp-json\/wp\/v2\/pages\/125","targetHints":{"allow":["GET"]}}],"collection":[{"href":"https:\/\/rhoischnooke.de\/index.php\/wp-json\/wp\/v2\/pages"}],"about":[{"href":"https:\/\/rhoischnooke.de\/index.php\/wp-json\/wp\/v2\/types\/page"}],"author":[{"embeddable":true,"href":"https:\/\/rhoischnooke.de\/index.php\/wp-json\/wp\/v2\/users\/1"}],"replies":[{"embeddable":true,"href":"https:\/\/rhoischnooke.de\/index.php\/wp-json\/wp\/v2\/comments?post=125"}],"version-history":[{"count":10,"href":"https:\/\/rhoischnooke.de\/index.php\/wp-json\/wp\/v2\/pages\/125\/revisions"}],"predecessor-version":[{"id":1582,"href":"https:\/\/rhoischnooke.de\/index.php\/wp-json\/wp\/v2\/pages\/125\/revisions\/1582"}],"up":[{"embeddable":true,"href":"https:\/\/rhoischnooke.de\/index.php\/wp-json\/wp\/v2\/pages\/54"}],"wp:attachment":[{"href":"https:\/\/rhoischnooke.de\/index.php\/wp-json\/wp\/v2\/media?parent=125"}],"curies":[{"name":"wp","href":"https:\/\/api.w.org\/{rel}","templated":true}]}}