{"id":120,"date":"2024-06-11T20:18:33","date_gmt":"2024-06-11T18:18:33","guid":{"rendered":"http:\/\/192.168.178.56\/wordpress\/?page_id=120"},"modified":"2026-03-27T20:21:31","modified_gmt":"2026-03-27T19:21:31","slug":"festungsgarde","status":"publish","type":"page","link":"https:\/\/rhoischnooke.de\/index.php\/gruppen\/garde\/festungsgarde\/","title":{"rendered":"Festungsgarde"},"content":{"rendered":"\t\t<div data-elementor-type=\"wp-page\" data-elementor-id=\"120\" class=\"elementor elementor-120\" data-elementor-post-type=\"page\">\n\t\t\t\t\t\t<section class=\"elementor-section elementor-top-section elementor-element elementor-element-6cfd1fc elementor-section-boxed elementor-section-height-default elementor-section-height-default\" data-id=\"6cfd1fc\" data-element_type=\"section\" data-e-type=\"section\">\n\t\t\t\t\t\t<div class=\"elementor-container elementor-column-gap-default\">\n\t\t\t\t\t<div class=\"elementor-column elementor-col-50 elementor-top-column elementor-element elementor-element-c990348\" data-id=\"c990348\" data-element_type=\"column\" data-e-type=\"column\">\n\t\t\t<div class=\"elementor-widget-wrap elementor-element-populated\">\n\t\t\t\t\t\t<div class=\"elementor-element elementor-element-90a3c6b elementor-widget__width-initial elementor-widget elementor-widget-text-editor\" data-id=\"90a3c6b\" data-element_type=\"widget\" data-e-type=\"widget\" data-widget_type=\"text-editor.default\">\n\t\t\t\t<div class=\"elementor-widget-container\">\n\t\t\t\t\t\t\t\t\t<p>Wir sind die Festungsgarde der Rhoischnooke.<\/p><p>Bei uns beim Gardetanz vor allem auch um Spa\u00df und Gruppenzusammenhalt. Wir sind insgesamt 8 M\u00e4dels von 15-28 Jahren. Trainiert werden wir von Denise Hermes, Samantha Barzda und Charl\u00e8ne-Sophie Koch. Unsere Betreuerinnen sind Lidia Weber und Nina Abramowski.\u00a0<\/p><p>Training haben wir donnerstag von 18:00-20:00 Uhr in der Sporthalle der Stadthalle\u00a0<\/p><p>Du hast Interesse an einem Probetraining und w\u00fcrdest die Truppe gern kennenlernen? Dann komm doch mal vorbei. Wir freuen uns \u00fcber jedes neue Gesicht!<\/p><p><strong>Kontakt:<\/strong><\/p><p>Kontakt \u00fcber Denise Hermes unter 0173 7021916<\/p>\t\t\t\t\t\t\t\t<\/div>\n\t\t\t\t<\/div>\n\t\t\t\t\t<\/div>\n\t\t<\/div>\n\t\t\t\t<div class=\"elementor-column elementor-col-50 elementor-top-column elementor-element elementor-element-4431133\" data-id=\"4431133\" data-element_type=\"column\" data-e-type=\"column\">\n\t\t\t<div class=\"elementor-widget-wrap elementor-element-populated\">\n\t\t\t\t\t\t<div class=\"elementor-element elementor-element-e8b3f57 elementor-widget__width-initial elementor-widget elementor-widget-image\" data-id=\"e8b3f57\" data-element_type=\"widget\" data-e-type=\"widget\" data-widget_type=\"image.default\">\n\t\t\t\t<div class=\"elementor-widget-container\">\n\t\t\t\t\t\t\t\t\t\t\t\t\t\t\t<img fetchpriority=\"high\" decoding=\"async\" width=\"1200\" height=\"1080\" src=\"https:\/\/rhoischnooke.de\/wp-content\/uploads\/2025\/09\/IMG_3817-e1758744753513.jpeg\" class=\"attachment-2048x2048 size-2048x2048 wp-image-953\" alt=\"\" srcset=\"https:\/\/rhoischnooke.de\/wp-content\/uploads\/2025\/09\/IMG_3817-e1758744753513.jpeg 1200w, https:\/\/rhoischnooke.de\/wp-content\/uploads\/2025\/09\/IMG_3817-e1758744753513-300x270.jpeg 300w, https:\/\/rhoischnooke.de\/wp-content\/uploads\/2025\/09\/IMG_3817-e1758744753513-1024x922.jpeg 1024w, https:\/\/rhoischnooke.de\/wp-content\/uploads\/2025\/09\/IMG_3817-e1758744753513-768x691.jpeg 768w\" sizes=\"(max-width: 1200px) 100vw, 1200px\" \/>\t\t\t\t\t\t\t\t\t\t\t\t\t\t\t<\/div>\n\t\t\t\t<\/div>\n\t\t\t\t\t<\/div>\n\t\t<\/div>\n\t\t\t\t\t<\/div>\n\t\t<\/section>\n\t\t\t\t<section class=\"elementor-section elementor-top-section elementor-element elementor-element-4e802fe elementor-section-boxed elementor-section-height-default elementor-section-height-default\" data-id=\"4e802fe\" data-element_type=\"section\" data-e-type=\"section\">\n\t\t\t\t\t\t<div class=\"elementor-container elementor-column-gap-default\">\n\t\t\t\t\t<div class=\"elementor-column elementor-col-100 elementor-top-column elementor-element elementor-element-93c6de6\" data-id=\"93c6de6\" data-element_type=\"column\" data-e-type=\"column\">\n\t\t\t<div class=\"elementor-widget-wrap elementor-element-populated\">\n\t\t\t\t\t\t<div class=\"elementor-element elementor-element-896a599 elementor-widget elementor-widget-image\" data-id=\"896a599\" data-element_type=\"widget\" data-e-type=\"widget\" data-widget_type=\"image.default\">\n\t\t\t\t<div class=\"elementor-widget-container\">\n\t\t\t\t\t\t\t\t\t\t\t\t\t\t\t<img decoding=\"async\" width=\"2048\" height=\"750\" src=\"https:\/\/rhoischnooke.de\/wp-content\/uploads\/2025\/09\/NV_Festungsgarde_IMG_5236-e1758744720461.jpg\" class=\"attachment-full size-full wp-image-951\" alt=\"\" srcset=\"https:\/\/rhoischnooke.de\/wp-content\/uploads\/2025\/09\/NV_Festungsgarde_IMG_5236-e1758744720461.jpg 2048w, https:\/\/rhoischnooke.de\/wp-content\/uploads\/2025\/09\/NV_Festungsgarde_IMG_5236-e1758744720461-300x110.jpg 300w, https:\/\/rhoischnooke.de\/wp-content\/uploads\/2025\/09\/NV_Festungsgarde_IMG_5236-e1758744720461-1024x375.jpg 1024w, https:\/\/rhoischnooke.de\/wp-content\/uploads\/2025\/09\/NV_Festungsgarde_IMG_5236-e1758744720461-768x281.jpg 768w, https:\/\/rhoischnooke.de\/wp-content\/uploads\/2025\/09\/NV_Festungsgarde_IMG_5236-e1758744720461-1536x563.jpg 1536w\" sizes=\"(max-width: 2048px) 100vw, 2048px\" \/>\t\t\t\t\t\t\t\t\t\t\t\t\t\t\t<\/div>\n\t\t\t\t<\/div>\n\t\t\t\t\t<\/div>\n\t\t<\/div>\n\t\t\t\t\t<\/div>\n\t\t<\/section>\n\t\t\t\t<\/div>\n\t\t","protected":false},"excerpt":{"rendered":"<p>Wir sind die Festungsgarde der Rhoischnooke. Bei uns beim Gardetanz vor allem auch um Spa\u00df und Gruppenzusammenhalt. Wir sind insgesamt 8 M\u00e4dels von 15-28 Jahren. Trainiert werden wir von Denise Hermes, Samantha Barzda und Charl\u00e8ne-Sophie Koch. Unsere Betreuerinnen sind Lidia Weber und Nina Abramowski.\u00a0 Training haben wir donnerstag von 18:00-20:00 Uhr in der Sporthalle der [&hellip;]<\/p>\n","protected":false},"author":1,"featured_media":0,"parent":54,"menu_order":3,"comment_status":"closed","ping_status":"closed","template":"","meta":{"footnotes":""},"class_list":["post-120","page","type-page","status-publish","hentry"],"_links":{"self":[{"href":"https:\/\/rhoischnooke.de\/index.php\/wp-json\/wp\/v2\/pages\/120","targetHints":{"allow":["GET"]}}],"collection":[{"href":"https:\/\/rhoischnooke.de\/index.php\/wp-json\/wp\/v2\/pages"}],"about":[{"href":"https:\/\/rhoischnooke.de\/index.php\/wp-json\/wp\/v2\/types\/page"}],"author":[{"embeddable":true,"href":"https:\/\/rhoischnooke.de\/index.php\/wp-json\/wp\/v2\/users\/1"}],"replies":[{"embeddable":true,"href":"https:\/\/rhoischnooke.de\/index.php\/wp-json\/wp\/v2\/comments?post=120"}],"version-history":[{"count":10,"href":"https:\/\/rhoischnooke.de\/index.php\/wp-json\/wp\/v2\/pages\/120\/revisions"}],"predecessor-version":[{"id":1579,"href":"https:\/\/rhoischnooke.de\/index.php\/wp-json\/wp\/v2\/pages\/120\/revisions\/1579"}],"up":[{"embeddable":true,"href":"https:\/\/rhoischnooke.de\/index.php\/wp-json\/wp\/v2\/pages\/54"}],"wp:attachment":[{"href":"https:\/\/rhoischnooke.de\/index.php\/wp-json\/wp\/v2\/media?parent=120"}],"curies":[{"name":"wp","href":"https:\/\/api.w.org\/{rel}","templated":true}]}}